{"id":8628,"date":"2019-09-30T15:45:39","date_gmt":"2019-09-30T13:45:39","guid":{"rendered":"https:\/\/michelvelly-photos.com\/?page_id=8628"},"modified":"2019-10-14T13:35:20","modified_gmt":"2019-10-14T11:35:20","slug":"mentions-legales","status":"publish","type":"page","link":"https:\/\/michelvelly-photos.com\/?page_id=8628","title":{"rendered":"Mentions l\u00e9gales"},"content":{"rendered":"[vc_row][vc_column width=\u00a0\u00bb2\/3&Prime;][vc_column_text]Mentions l\u00e9gales<\/p>\n<p>Votre entreprise:Michel Velly<br \/>\nVotre adresse 12 rue Berthelot 29100 Douarnenez<br \/>\nSiret : xxxxxxxxxxxxx<br \/>\nNum\u00e9ro de t\u00e9l\u00e9phone:0298922751<\/p>\n<p>Directeur de publication : Michel Velly<\/p>\n<p>________________________________________<\/p>\n<p>H\u00e9bergement : ( \u00e0 modifier si vous n\u2019\u00eates pas chez LWS)<\/p>\n<p>Mentions l\u00e9gales : Serveur mutualis\u00e9 \u2013 LWS (www.lws.fr \u2013 Ligne Web Services)<br \/>\nS.A.R.L au capital de 500 000 Euros<br \/>\n4, RUE GALVANI<br \/>\n75838 PARIS CEDEX 17<br \/>\nFrance<br \/>\nRCS Paris B 450 453 881 \u2013 APE 723Z<br \/>\nSIRET 45045388100010<\/p>\n<p>Propri\u00e9t\u00e9 Intellectuelle<\/p>\n<p>La structure g\u00e9n\u00e9rale ainsi que les logiciels, textes, images, vid\u00e9os, sons, animations, graphismes \u2026 et tout autre \u00e9l\u00e9ment composant le site sont la propri\u00e9t\u00e9 exclusive de Michel Velly, ou bien sont r\u00e9guli\u00e8rement exploit\u00e9s sous licence. Toute repr\u00e9sentation totale ou partielle de ce site par quelque proc\u00e9d\u00e9 que ce soit, sans l\u2019autorisation expresse de Michel Velly, est interdite et constituerait une contrefa\u00e7on sanctionn\u00e9e par les articles L.335-2 et suivants du Code de la propri\u00e9t\u00e9 intellectuelle. L\u2019ensemble des textes et illustrations mis en ligne par la Michel Velly est prot\u00e9g\u00e9 par le droit d\u2019auteur et par le droit prot\u00e9geant les bases de donn\u00e9es dont l\u2019Editeur est producteur au sens des articles L 341-1 et suivants du Code de la Propri\u00e9t\u00e9 Intellectuelle. Les marques de\u00a0 et de ses partenaires, Michel Velly ainsi que les logos, figurant sur le site sont des marques (semi figuratives ou non) d\u00e9pos\u00e9es. Toute reproduction ou repr\u00e9sentation totale ou partielle de ces marques, toute modification, toute alt\u00e9ration de ces marques et\/ou logos sans l\u2019autorisation expresse de la Michel Velly sont donc prohib\u00e9es, au sens de l\u2019article L.713-2 du Code de la propri\u00e9t\u00e9 intellectuelle.<\/p>\n<p>Droits d\u2019images<\/p>\n<p>\u00a9 le nom des sites ou photographes qui vous ont fourni les droits pour les images<\/p>\n<p>\u00a9 Toutes les autres images et illustrations de ce site sont la propri\u00e9t\u00e9 exclusive de Michel Velly<\/p>\n<p>Liens hypertextes<\/p>\n<p>Michel Velly\u00a0 d\u00e9cline toute responsabilit\u00e9 sur le contenu des sites dont il n\u2019est pas l\u2019\u00e9diteur et qui sont accessibles par l\u2019interm\u00e9diaire de liens hypertextes.<\/p>\n<p>Les utilisateurs du site \u00abmichelvelly-photos.com \u00bb ne peuvent mettre en place un hyperlien en direction de ce site sans l\u2019autorisation expresse et pr\u00e9alable de Michel Velly<\/p>\n<p>Limitation de responsabilit\u00e9<\/p>\n<p>L\u2019utilisateur utilise le site \u00e0 ses seuls risques. En aucun cas, Michel Velly ne pourrait \u00eatre tenue responsable des dommages directs ou indirects, et notamment pr\u00e9judice mat\u00e9riel, perte de donn\u00e9es ou de programme, pr\u00e9judice financier, r\u00e9sultant de l\u2019acc\u00e8s ou de l\u2019utilisation de ce site ou de tous sites qui lui sont li\u00e9s. Le contenu du site est pr\u00e9sent\u00e9 sans aucune garantie de quelque nature que ce soit.<\/p>\n<p>Les informations sur les produits et leurs caract\u00e9ristiques correspondent \u00e0 une d\u00e9finition au moment de la mise en ligne ou des mises \u00e0 jour des diff\u00e9rentes pages du site ; elles ne sont donn\u00e9es qu\u2019\u00e0 titre indicatif et ne sauraient \u00eatre consid\u00e9r\u00e9es comme constituant une offre contractuelle de produits ou services \u00e9manant de la Michel Velly. Des erreurs ou omissions peuvent survenir.<\/p>\n<p>L\u2019acc\u00e8s aux produits et services pr\u00e9sent\u00e9s sur le site peut faire l\u2019objet de restrictions. Vous devez donc vous assurer que la loi du pays \u00e0 partir duquel la connexion est \u00e9tablie vous autorise \u00e0 acc\u00e9der \u00e0 notre site.<\/p>\n<p>Cookies<\/p>\n<p>Nous souhaitons implanter un cookie dans votre ordinateur. Un cookie ne nous permet pas de vous identifier; en revanche, il enregistre des informations relatives \u00e0 la navigation de votre ordinateur sur notre site (les pages que vous avez consult\u00e9es, la date et l\u2019heure de la consultation, etc.) que nous pourrons lire lors de vos visites ult\u00e9rieures. La dur\u00e9e de conservation de ces informations dans votre ordinateur n\u2019exc\u00e8de pas un an.<\/p>\n<p>Nous vous informons que vous pouvez vous opposer \u00e0 l\u2019enregistrement de \u201ccookies\u201d en param\u00e9trant votre navigateur.<\/p>\n<p>Donn\u00e9es nominatives :<\/p>\n<p>En application de la Loi n\u00b0 78-17 du 6 janvier 1978 relative \u00e0 l\u2019Informatique, aux Fichiers et aux Libert\u00e9s, vous disposez des droits d\u2019opposition (art. 26 de la loi), d\u2019acc\u00e8s (art.34 \u00e0 38 de la loi) et de rectification (art. 36 de la loi) des donn\u00e9es vous concernant. Ainsi, vous pouvez nous contacter pour que soient rectifi\u00e9es, compl\u00e9t\u00e9es, mises \u00e0 jour ou effac\u00e9es les informations vous concernant qui sont inexactes, incompl\u00e8tes, \u00e9quivoques, p\u00e9rim\u00e9es ou dont la collecte ou l\u2019utilisation, la communication ou la conservation est interdite. Les informations qui vous concernent sont uniquement destin\u00e9es \u00e0 Michel Velly . Nous ne transmettons ces informations \u00e0 aucun tiers (partenaires commerciaux, etc).<\/p>\n[\/vc_column_text][\/vc_column][vc_column width=\u00a0\u00bb1\/3&Prime;][\/vc_column][\/vc_row]\n","protected":false},"excerpt":{"rendered":"<p>[vc_row][vc_column width=\u00a0\u00bb2\/3&Prime;][vc_column_text]Mentions l\u00e9gales Votre entreprise:Michel Velly Votre adresse 12 rue Berthelot 29100 Douarnenez Siret : xxxxxxxxxxxxx Num\u00e9ro de t\u00e9l\u00e9phone:0298922751 Directeur de publication : Michel Velly ________________________________________ H\u00e9bergement : ( \u00e0 modifier si vous n\u2019\u00eates pas chez LWS) Mentions l\u00e9gales : &hellip; <a class=\"kt-excerpt-readmore\" href=\"https:\/\/michelvelly-photos.com\/?page_id=8628\" aria-label=\"Mentions l\u00e9gales\">Lire la suite<\/a><\/p>\n","protected":false},"author":1,"featured_media":0,"parent":0,"menu_order":0,"comment_status":"closed","ping_status":"closed","template":"page-fullwidth.php","meta":[],"yoast_head":"<!-- This site is optimized with the Yoast SEO plugin v20.13 - https:\/\/yoast.com\/wordpress\/plugins\/seo\/ -->\n<title>Mentions L\u00e9gales de Michel Velly photographies noir et blanc<\/title>\n<meta name=\"description\" content=\"Mentions L\u00e9gales de Michel Velly photographies noir et blanc sur papier baryt\u00e9,encadr\u00e9es et en diff\u00e9rents formats sur commande.\" \/>\n<meta name=\"robots\" content=\"index, follow, max-snippet:-1, max-image-preview:large, max-video-preview:-1\" \/>\n<link rel=\"canonical\" href=\"https:\/\/michelvelly-photos.com\/?page_id=8628\" \/>\n<meta property=\"og:locale\" content=\"fr_FR\" \/>\n<meta property=\"og:type\" content=\"article\" \/>\n<meta property=\"og:title\" content=\"Mentions L\u00e9gales de Michel Velly photographies noir et blanc\" \/>\n<meta property=\"og:description\" content=\"Mentions L\u00e9gales de Michel Velly photographies noir et blanc sur papier baryt\u00e9,encadr\u00e9es et en diff\u00e9rents formats sur commande.\" \/>\n<meta property=\"og:url\" content=\"https:\/\/michelvelly-photos.com\/?page_id=8628\" \/>\n<meta property=\"og:site_name\" content=\"Michel Velly Photographie\" \/>\n<meta property=\"article:modified_time\" content=\"2019-10-14T11:35:20+00:00\" \/>\n<meta name=\"twitter:label1\" content=\"Dur\u00e9e de lecture estim\u00e9e\" \/>\n\t<meta name=\"twitter:data1\" content=\"4 minutes\" \/>\n<script type=\"application\/ld+json\" class=\"yoast-schema-graph\">{\"@context\":\"https:\/\/schema.org\",\"@graph\":[{\"@type\":\"WebPage\",\"@id\":\"https:\/\/michelvelly-photos.com\/?page_id=8628\",\"url\":\"https:\/\/michelvelly-photos.com\/?page_id=8628\",\"name\":\"Mentions L\u00e9gales de Michel Velly photographies noir et blanc\",\"isPartOf\":{\"@id\":\"https:\/\/michelvelly-photos.com\/#website\"},\"datePublished\":\"2019-09-30T13:45:39+00:00\",\"dateModified\":\"2019-10-14T11:35:20+00:00\",\"description\":\"Mentions L\u00e9gales de Michel Velly photographies noir et blanc sur papier baryt\u00e9,encadr\u00e9es et en diff\u00e9rents formats sur commande.\",\"breadcrumb\":{\"@id\":\"https:\/\/michelvelly-photos.com\/?page_id=8628#breadcrumb\"},\"inLanguage\":\"fr-FR\",\"potentialAction\":[{\"@type\":\"ReadAction\",\"target\":[\"https:\/\/michelvelly-photos.com\/?page_id=8628\"]}]},{\"@type\":\"BreadcrumbList\",\"@id\":\"https:\/\/michelvelly-photos.com\/?page_id=8628#breadcrumb\",\"itemListElement\":[{\"@type\":\"ListItem\",\"position\":1,\"name\":\"Accueil\",\"item\":\"https:\/\/michelvelly-photos.com\/\"},{\"@type\":\"ListItem\",\"position\":2,\"name\":\"Mentions l\u00e9gales\"}]},{\"@type\":\"WebSite\",\"@id\":\"https:\/\/michelvelly-photos.com\/#website\",\"url\":\"https:\/\/michelvelly-photos.com\/\",\"name\":\"Michel Velly Photographie\",\"description\":\"\",\"potentialAction\":[{\"@type\":\"SearchAction\",\"target\":{\"@type\":\"EntryPoint\",\"urlTemplate\":\"https:\/\/michelvelly-photos.com\/?s={search_term_string}\"},\"query-input\":\"required name=search_term_string\"}],\"inLanguage\":\"fr-FR\"}]}<\/script>\n<!-- \/ Yoast SEO plugin. -->","yoast_head_json":{"title":"Mentions L\u00e9gales de Michel Velly photographies noir et blanc","description":"Mentions L\u00e9gales de Michel Velly photographies noir et blanc sur papier baryt\u00e9,encadr\u00e9es et en diff\u00e9rents formats sur commande.","robots":{"index":"index","follow":"follow","max-snippet":"max-snippet:-1","max-image-preview":"max-image-preview:large","max-video-preview":"max-video-preview:-1"},"canonical":"https:\/\/michelvelly-photos.com\/?page_id=8628","og_locale":"fr_FR","og_type":"article","og_title":"Mentions L\u00e9gales de Michel Velly photographies noir et blanc","og_description":"Mentions L\u00e9gales de Michel Velly photographies noir et blanc sur papier baryt\u00e9,encadr\u00e9es et en diff\u00e9rents formats sur commande.","og_url":"https:\/\/michelvelly-photos.com\/?page_id=8628","og_site_name":"Michel Velly Photographie","article_modified_time":"2019-10-14T11:35:20+00:00","twitter_misc":{"Dur\u00e9e de lecture estim\u00e9e":"4 minutes"},"schema":{"@context":"https:\/\/schema.org","@graph":[{"@type":"WebPage","@id":"https:\/\/michelvelly-photos.com\/?page_id=8628","url":"https:\/\/michelvelly-photos.com\/?page_id=8628","name":"Mentions L\u00e9gales de Michel Velly photographies noir et blanc","isPartOf":{"@id":"https:\/\/michelvelly-photos.com\/#website"},"datePublished":"2019-09-30T13:45:39+00:00","dateModified":"2019-10-14T11:35:20+00:00","description":"Mentions L\u00e9gales de Michel Velly photographies noir et blanc sur papier baryt\u00e9,encadr\u00e9es et en diff\u00e9rents formats sur commande.","breadcrumb":{"@id":"https:\/\/michelvelly-photos.com\/?page_id=8628#breadcrumb"},"inLanguage":"fr-FR","potentialAction":[{"@type":"ReadAction","target":["https:\/\/michelvelly-photos.com\/?page_id=8628"]}]},{"@type":"BreadcrumbList","@id":"https:\/\/michelvelly-photos.com\/?page_id=8628#breadcrumb","itemListElement":[{"@type":"ListItem","position":1,"name":"Accueil","item":"https:\/\/michelvelly-photos.com\/"},{"@type":"ListItem","position":2,"name":"Mentions l\u00e9gales"}]},{"@type":"WebSite","@id":"https:\/\/michelvelly-photos.com\/#website","url":"https:\/\/michelvelly-photos.com\/","name":"Michel Velly Photographie","description":"","potentialAction":[{"@type":"SearchAction","target":{"@type":"EntryPoint","urlTemplate":"https:\/\/michelvelly-photos.com\/?s={search_term_string}"},"query-input":"required name=search_term_string"}],"inLanguage":"fr-FR"}]}},"_links":{"self":[{"href":"https:\/\/michelvelly-photos.com\/index.php?rest_route=\/wp\/v2\/pages\/8628"}],"collection":[{"href":"https:\/\/michelvelly-photos.com\/index.php?rest_route=\/wp\/v2\/pages"}],"about":[{"href":"https:\/\/michelvelly-photos.com\/index.php?rest_route=\/wp\/v2\/types\/page"}],"author":[{"embeddable":true,"href":"https:\/\/michelvelly-photos.com\/index.php?rest_route=\/wp\/v2\/users\/1"}],"replies":[{"embeddable":true,"href":"https:\/\/michelvelly-photos.com\/index.php?rest_route=%2Fwp%2Fv2%2Fcomments&post=8628"}],"version-history":[{"count":6,"href":"https:\/\/michelvelly-photos.com\/index.php?rest_route=\/wp\/v2\/pages\/8628\/revisions"}],"predecessor-version":[{"id":8717,"href":"https:\/\/michelvelly-photos.com\/index.php?rest_route=\/wp\/v2\/pages\/8628\/revisions\/8717"}],"wp:attachment":[{"href":"https:\/\/michelvelly-photos.com\/index.php?rest_route=%2Fwp%2Fv2%2Fmedia&parent=8628"}],"curies":[{"name":"wp","href":"https:\/\/api.w.org\/{rel}","templated":true}]}}