{"id":8656,"date":"2019-10-07T14:32:32","date_gmt":"2019-10-07T12:32:32","guid":{"rendered":"https:\/\/michelvelly-photos.com\/?page_id=8656"},"modified":"2020-01-21T10:04:22","modified_gmt":"2020-01-21T09:04:22","slug":"photographie","status":"publish","type":"page","link":"https:\/\/michelvelly-photos.com\/","title":{"rendered":"L&rsquo;image"},"content":{"rendered":"[vc_row][vc_column][vc_column_text css=\u00a0\u00bb.vc_custom_1571830958710{margin-bottom: 50px !important;border-bottom-width: 50px !important;padding-bottom: 50px !important;border-bottom-color: #000000 !important;border-radius: 25px !important;}\u00a0\u00bb].<a href=\"https:\/\/michelvelly-photos.com\/wp-content\/uploads\/2019\/10\/Ile-Tristan.jpg\"><img decoding=\"async\" loading=\"lazy\" class=\"wp-image-8670 aligncenter\" title=\"Ile Tristan\" src=\"https:\/\/michelvelly-photos.com\/wp-content\/uploads\/2019\/10\/Ile-Tristan-1024x386.jpg\" alt=\"photo argentique\" width=\"1295\" height=\"488\" srcset=\"https:\/\/michelvelly-photos.com\/wp-content\/uploads\/2019\/10\/Ile-Tristan-1024x386.jpg 1024w, https:\/\/michelvelly-photos.com\/wp-content\/uploads\/2019\/10\/Ile-Tristan-300x113.jpg 300w, https:\/\/michelvelly-photos.com\/wp-content\/uploads\/2019\/10\/Ile-Tristan-768x289.jpg 768w, https:\/\/michelvelly-photos.com\/wp-content\/uploads\/2019\/10\/Ile-Tristan-1320x497.jpg 1320w\" sizes=\"(max-width: 1295px) 100vw, 1295px\" \/><\/a>[\/vc_column_text][\/vc_column][\/vc_row][vc_row][vc_column][vc_column_text css=\u00a0\u00bb.vc_custom_1571052199088{margin-right: 2px !important;margin-left: 2px !important;border-top-width: 4px !important;border-right-width: 4px !important;border-bottom-width: 4px !important;border-left-width: 4px !important;padding-top: 4px !important;padding-right: 3px !important;padding-bottom: 4px !important;padding-left: 3px !important;border-left-color: #4f2302 !important;border-right-color: #4f2302 !important;border-top-color: #4f2302 !important;border-bottom-color: #4f2302 !important;border-radius: 4px !important;}\u00a0\u00bb]\n<p style=\"text-align: justify;\">Photographie argentique<\/p>\n<p style=\"text-align: justify;\">Initi\u00e9 \u00e0 la photographie au d\u00e9but des ann\u00e9es 80, j&rsquo;y ai d\u00e9couvert un univers que je ne soup\u00e7onnais pas. Apprendre \u00e0 lire une image, en comprendre la construction, son intention, m&rsquo;a amen\u00e9 \u00e0 me consacrer \u00e0 cet espace de cr\u00e9ation.<\/p>\n<p style=\"text-align: justify;\">La prise de vue en est la premi\u00e8re phase. Il s&rsquo;agit ici d&rsquo;abandon et d&rsquo;errance o\u00f9, si l&rsquo;oeil est sollicit\u00e9, tout son \u00eatre l&rsquo;est \u00e9galement.Voir ne suffit plus. Le ressenti, l&rsquo;\u00e9motion, l&rsquo;interpr\u00e9tation font que l&rsquo;on \u00e9chappe \u00e0 la r\u00e9alit\u00e9 nue.<\/p>\n<p style=\"text-align: justify;\">L&rsquo;utilisation du noir et blanc accentue ce processus. Il met en valeur les formes et les intensit\u00e9s lumineuses qui soulignent le sujet. Cela offre une certaine intemporalit\u00e9, une po\u00e9sie \u00e0 l&rsquo;image qui c\u00f4toie alors l&rsquo;abstraction, autorisant \u00e0 chacun sa propre interpr\u00e9tation.<\/p>\n<p style=\"text-align: justify;\">Vient ensuite le d\u00e9veloppement. Cette \u00e9tape, par son cot\u00e9 artisanal m&rsquo;a imm\u00e9diatement plu. Ce rapport directe avec l&rsquo;objet photo, son \u00e9laboration, assister \u00e0 sa naissance sont \u00e0 mes yeux des instants essentiels.<\/p>\n<p style=\"text-align: justify;\">J&rsquo;ai tout d&rsquo;abord d\u00e9but\u00e9 la photographie avec un vieux Kodak r\u00e9tinette IA sans cellule et \u00e0 l&rsquo;objectif2,8\/45mm. La simplicit\u00e9 de cette appareil m&rsquo;a permis de comprendre la lumi\u00e8re et la logique de fonctionnement d&rsquo;un appareil photo. Par la suite , l&rsquo;aide pr\u00e9cieuse d&rsquo;une cellule \u00e0 main est vite devenue n\u00e9cessaire.<\/p>\n<p style=\"text-align: justify;\">Il m&rsquo;a ensuite \u00e9t\u00e9 offert un Ricoh KR 10m qui jusqu&rsquo;ici ne m&rsquo;a plus quitt\u00e9. Sa simplicit\u00e9 d&rsquo;utilisation en a fait un outil, voir un compagnon indispensable. Je l&rsquo;\u00e9quipe en g\u00e9n\u00e9ral de son 35\/70 ce qui lui donne une grande souplesse et un r\u00e9el confort d&rsquo;utilisation. Pour certain cas particulier je dispose d&rsquo;un 70\/210 Cossina suffisamment lumineux. Malgr\u00e9 quelques infid\u00e9lit\u00e9s \u00e0 mon cher Ricoh j&rsquo;y suis toujours revenu.<\/p>\n<p style=\"text-align: justify;\">J&rsquo;expose en g\u00e9n\u00e9ral en Bretagne des photographies \u00e0 la fronti\u00e8re du figuratif et de l&rsquo;abstrait.<\/p>\n[\/vc_column_text][\/vc_column][\/vc_row][vc_row][vc_column width=\u00a0\u00bb1\/2&Prime;][vc_btn title=\u00a0\u00bbformulaire de contact\u00a0\u00bb shape=\u00a0\u00bbround\u00a0\u00bb color=\u00a0\u00bbviolet\u00a0\u00bb size=\u00a0\u00bbxs\u00a0\u00bb link=\u00a0\u00bburl:https%3A%2F%2Fmichelvelly-photos.com%2F%3Fpage_id%3D8637|title:Formulaire%20de%20contact||\u00a0\u00bb][\/vc_column][vc_column width=\u00a0\u00bb1\/2&Prime;][vc_hoverbox image=\u00a0\u00bb8686&Prime; primary_title=\u00a0\u00bbcontact@michelvelly-photos.com\u00a0\u00bb hover_title=\u00a0\u00bbcontact@michelvelly-photos.com\u00a0\u00bb hover_title_font_container=\u00a0\u00bbfont_size:12|color:%23000000|line_height:16&Prime; hover_title_google_fonts=\u00a0\u00bbfont_family:Asap%3Aregular%2Citalic%2C700%2C700italic|font_style:400%20regular%3A400%3Anormal\u00a0\u00bb shape=\u00a0\u00bbround\u00a0\u00bb css_animation=\u00a0\u00bbfadeInRight\u00a0\u00bb use_custom_fonts_primary_title=\u00a0\u00bbtrue\u00a0\u00bb use_custom_fonts_hover_title=\u00a0\u00bbtrue\u00a0\u00bb][\/vc_hoverbox][\/vc_column][\/vc_row][vc_row][vc_column][\/vc_column][\/vc_row]\n","protected":false},"excerpt":{"rendered":"<p>[vc_row][vc_column][vc_column_text css=\u00a0\u00bb.vc_custom_1571830958710{margin-bottom: 50px !important;border-bottom-width: 50px !important;padding-bottom: 50px !important;border-bottom-color: #000000 !important;border-radius: 25px !important;}\u00a0\u00bb].[\/vc_column_text][\/vc_column][\/vc_row][vc_row][vc_column][vc_column_text css=\u00a0\u00bb.vc_custom_1571052199088{margin-right: 2px !important;margin-left: 2px !important;border-top-width: 4px !important;border-right-width: 4px !important;border-bottom-width: 4px !important;border-left-width: 4px !important;padding-top: 4px !important;padding-right: 3px !important;padding-bottom: 4px !important;padding-left: 3px !important;border-left-color: #4f2302 !important;border-right-color: #4f2302 !important;border-top-color: #4f2302 !important;border-bottom-color: #4f2302 &hellip; <a class=\"kt-excerpt-readmore\" href=\"https:\/\/michelvelly-photos.com\/\" aria-label=\"L&rsquo;image\">Lire la suite<\/a><\/p>\n","protected":false},"author":1,"featured_media":0,"parent":0,"menu_order":0,"comment_status":"closed","ping_status":"closed","template":"page-fullwidth.php","meta":[],"yoast_head":"<!-- This site is optimized with the Yoast SEO plugin v20.13 - https:\/\/yoast.com\/wordpress\/plugins\/seo\/ -->\n<title>Photographie argentique en noir et blanc-Michel Velly Douarnenez<\/title>\n<meta name=\"description\" content=\"Photographie argentique en noir et blanc-Michel Velly Douarnenez prises de vues et d\u00e9veloppement sur papier baryt\u00e9. Encadrement possible.\" \/>\n<meta name=\"robots\" content=\"index, follow, max-snippet:-1, max-image-preview:large, max-video-preview:-1\" \/>\n<link rel=\"canonical\" href=\"https:\/\/michelvelly-photos.com\/\" \/>\n<meta property=\"og:locale\" content=\"fr_FR\" \/>\n<meta property=\"og:type\" content=\"article\" \/>\n<meta property=\"og:title\" content=\"Photographie argentique en noir et blanc-Michel Velly Douarnenez\" \/>\n<meta property=\"og:description\" content=\"Photographie argentique en noir et blanc-Michel Velly Douarnenez prises de vues et d\u00e9veloppement sur papier baryt\u00e9. Encadrement possible.\" \/>\n<meta property=\"og:url\" content=\"https:\/\/michelvelly-photos.com\/\" \/>\n<meta property=\"og:site_name\" content=\"Michel Velly Photographie\" \/>\n<meta property=\"article:modified_time\" content=\"2020-01-21T09:04:22+00:00\" \/>\n<meta property=\"og:image\" content=\"https:\/\/michelvelly-photos.com\/wp-content\/uploads\/2019\/10\/Ile-Tristan-1024x386.jpg\" \/>\n<meta name=\"twitter:label1\" content=\"Dur\u00e9e de lecture estim\u00e9e\" \/>\n\t<meta name=\"twitter:data1\" content=\"3 minutes\" \/>\n<script type=\"application\/ld+json\" class=\"yoast-schema-graph\">{\"@context\":\"https:\/\/schema.org\",\"@graph\":[{\"@type\":\"WebPage\",\"@id\":\"https:\/\/michelvelly-photos.com\/\",\"url\":\"https:\/\/michelvelly-photos.com\/\",\"name\":\"Photographie argentique en noir et blanc-Michel Velly Douarnenez\",\"isPartOf\":{\"@id\":\"https:\/\/michelvelly-photos.com\/#website\"},\"datePublished\":\"2019-10-07T12:32:32+00:00\",\"dateModified\":\"2020-01-21T09:04:22+00:00\",\"description\":\"Photographie argentique en noir et blanc-Michel Velly Douarnenez prises de vues et d\u00e9veloppement sur papier baryt\u00e9. Encadrement possible.\",\"breadcrumb\":{\"@id\":\"https:\/\/michelvelly-photos.com\/#breadcrumb\"},\"inLanguage\":\"fr-FR\",\"potentialAction\":[{\"@type\":\"ReadAction\",\"target\":[\"https:\/\/michelvelly-photos.com\/\"]}]},{\"@type\":\"BreadcrumbList\",\"@id\":\"https:\/\/michelvelly-photos.com\/#breadcrumb\",\"itemListElement\":[{\"@type\":\"ListItem\",\"position\":1,\"name\":\"Accueil\",\"item\":\"https:\/\/michelvelly-photos.com\/\"},{\"@type\":\"ListItem\",\"position\":2,\"name\":\"L&rsquo;image\"}]},{\"@type\":\"WebSite\",\"@id\":\"https:\/\/michelvelly-photos.com\/#website\",\"url\":\"https:\/\/michelvelly-photos.com\/\",\"name\":\"Michel Velly Photographie\",\"description\":\"\",\"potentialAction\":[{\"@type\":\"SearchAction\",\"target\":{\"@type\":\"EntryPoint\",\"urlTemplate\":\"https:\/\/michelvelly-photos.com\/?s={search_term_string}\"},\"query-input\":\"required name=search_term_string\"}],\"inLanguage\":\"fr-FR\"}]}<\/script>\n<!-- \/ Yoast SEO plugin. -->","yoast_head_json":{"title":"Photographie argentique en noir et blanc-Michel Velly Douarnenez","description":"Photographie argentique en noir et blanc-Michel Velly Douarnenez prises de vues et d\u00e9veloppement sur papier baryt\u00e9. Encadrement possible.","robots":{"index":"index","follow":"follow","max-snippet":"max-snippet:-1","max-image-preview":"max-image-preview:large","max-video-preview":"max-video-preview:-1"},"canonical":"https:\/\/michelvelly-photos.com\/","og_locale":"fr_FR","og_type":"article","og_title":"Photographie argentique en noir et blanc-Michel Velly Douarnenez","og_description":"Photographie argentique en noir et blanc-Michel Velly Douarnenez prises de vues et d\u00e9veloppement sur papier baryt\u00e9. Encadrement possible.","og_url":"https:\/\/michelvelly-photos.com\/","og_site_name":"Michel Velly Photographie","article_modified_time":"2020-01-21T09:04:22+00:00","og_image":[{"url":"https:\/\/michelvelly-photos.com\/wp-content\/uploads\/2019\/10\/Ile-Tristan-1024x386.jpg"}],"twitter_misc":{"Dur\u00e9e de lecture estim\u00e9e":"3 minutes"},"schema":{"@context":"https:\/\/schema.org","@graph":[{"@type":"WebPage","@id":"https:\/\/michelvelly-photos.com\/","url":"https:\/\/michelvelly-photos.com\/","name":"Photographie argentique en noir et blanc-Michel Velly Douarnenez","isPartOf":{"@id":"https:\/\/michelvelly-photos.com\/#website"},"datePublished":"2019-10-07T12:32:32+00:00","dateModified":"2020-01-21T09:04:22+00:00","description":"Photographie argentique en noir et blanc-Michel Velly Douarnenez prises de vues et d\u00e9veloppement sur papier baryt\u00e9. Encadrement possible.","breadcrumb":{"@id":"https:\/\/michelvelly-photos.com\/#breadcrumb"},"inLanguage":"fr-FR","potentialAction":[{"@type":"ReadAction","target":["https:\/\/michelvelly-photos.com\/"]}]},{"@type":"BreadcrumbList","@id":"https:\/\/michelvelly-photos.com\/#breadcrumb","itemListElement":[{"@type":"ListItem","position":1,"name":"Accueil","item":"https:\/\/michelvelly-photos.com\/"},{"@type":"ListItem","position":2,"name":"L&rsquo;image"}]},{"@type":"WebSite","@id":"https:\/\/michelvelly-photos.com\/#website","url":"https:\/\/michelvelly-photos.com\/","name":"Michel Velly Photographie","description":"","potentialAction":[{"@type":"SearchAction","target":{"@type":"EntryPoint","urlTemplate":"https:\/\/michelvelly-photos.com\/?s={search_term_string}"},"query-input":"required name=search_term_string"}],"inLanguage":"fr-FR"}]}},"_links":{"self":[{"href":"https:\/\/michelvelly-photos.com\/index.php?rest_route=\/wp\/v2\/pages\/8656"}],"collection":[{"href":"https:\/\/michelvelly-photos.com\/index.php?rest_route=\/wp\/v2\/pages"}],"about":[{"href":"https:\/\/michelvelly-photos.com\/index.php?rest_route=\/wp\/v2\/types\/page"}],"author":[{"embeddable":true,"href":"https:\/\/michelvelly-photos.com\/index.php?rest_route=\/wp\/v2\/users\/1"}],"replies":[{"embeddable":true,"href":"https:\/\/michelvelly-photos.com\/index.php?rest_route=%2Fwp%2Fv2%2Fcomments&post=8656"}],"version-history":[{"count":92,"href":"https:\/\/michelvelly-photos.com\/index.php?rest_route=\/wp\/v2\/pages\/8656\/revisions"}],"predecessor-version":[{"id":8681,"href":"https:\/\/michelvelly-photos.com\/index.php?rest_route=\/wp\/v2\/pages\/8656\/revisions\/8681"}],"wp:attachment":[{"href":"https:\/\/michelvelly-photos.com\/index.php?rest_route=%2Fwp%2Fv2%2Fmedia&parent=8656"}],"curies":[{"name":"wp","href":"https:\/\/api.w.org\/{rel}","templated":true}]}}