{"id":8903,"date":"2019-10-29T11:44:00","date_gmt":"2019-10-29T10:44:00","guid":{"rendered":"https:\/\/michelvelly-photos.com\/?page_id=8903"},"modified":"2019-10-29T11:44:00","modified_gmt":"2019-10-29T10:44:00","slug":"roundballers","status":"publish","type":"page","link":"https:\/\/michelvelly-photos.com\/?page_id=8903","title":{"rendered":"roundballers"},"content":{"rendered":"[vc_row][vc_column][vc_column_text]<a href=\"https:\/\/michelvelly-photos.com\/wp-content\/uploads\/2019\/10\/num\u00e9risation0013-3.jpg\"><img decoding=\"async\" loading=\"lazy\" class=\"size-medium wp-image-8908 aligncenter\" src=\"https:\/\/michelvelly-photos.com\/wp-content\/uploads\/2019\/10\/num\u00e9risation0013-3-300x201.jpg\" alt=\"etc\" width=\"300\" height=\"201\" \/><\/a>[\/vc_column_text][vc_column_text]\u00a0\u00bbDepuis plusieurs ann\u00e9es la photographie interroge ses marges. Il ne s&rsquo;agit plus tant de repr\u00e9senter l&rsquo;objet (ou le paysage), mais de scruter la mati\u00e8re afin qu&rsquo;elle se transforme en un miroir de nos fantasmes. Michel Velly guette les signes, les lumi\u00e8res, les \u00e9clairs; instants d&rsquo;\u00e9garement, d&rsquo;errements, de fantaisie, se succ\u00e8dent \u00e0 sa vue et s&rsquo;appliquent \u00e0 sa d\u00e9marche.<\/p>\n<p>D\u00e9marche du promeneur aux yeux ferm\u00e9s. L&rsquo;esprit voit plus clairement. A ce qu&rsquo;il voit, le photographe ajoute la compr\u00e9hension. D\u00e9sapprendre \u00e0 voir, oublier ce que l&rsquo;on a vu, chercher ces moments o\u00f9 tout est diff\u00e9rent mais tellement&#8230;plus&#8230;visible.<\/p>\n<p>Pour appr\u00e9hender une part de cette magie, il faut retourner jusqu&rsquo;\u00e0 cette instant o\u00f9 le premier homme est apparu sur une photographie la photographie(cet homme immobile \u00e0 qui l&rsquo;on cirait les chaussures dans une rue d\u00e9serte), et comprendre que la photographie n&rsquo;a pas tout r\u00e9v\u00e9l\u00e9. Il reste \u00e0 voir.\u00a0\u00bb<\/p>\n<p>Yann Queff\u00e9lec[\/vc_column_text][vc_column_text]\n<div id=\"kad-wp-gallery981\" class=\"kad-wp-gallery gallery kt-gallery-column-3 init-isotope-intrinsic reinit-isotope kad-light-wp-gallery clearfix rowtight\" data-fade-in=\"1\" data-iso-selector=\".g_item\" data-iso-style=\"masonry\" data-iso-filter=\"false\"><div class=\"tcol-lg-4 tcol-md-4 tcol-sm-4 tcol-xs-6 tcol-ss-12 g_item\"><div class=\"grid_item kt_item_fade_in kad_gallery_fade_in gallery_item\"><a href=\"https:\/\/michelvelly-photos.com\/wp-content\/uploads\/2019\/10\/num\u00e9risation00050.jpg\" data-rel=\"lightbox\" class=\"lightboxhover\"><div class=\"kt-intrinsic\" style=\"padding-bottom:69.125683060109%;\"><div itemprop=\"image\" itemscope itemtype=\"https:\/\/schema.org\/ImageObject\"><img width=\"366\" height=\"253\" src=\"https:\/\/michelvelly-photos.com\/wp-content\/uploads\/2019\/10\/num\u00e9risation00050-366x253.jpg\" srcset=\"https:\/\/michelvelly-photos.com\/wp-content\/uploads\/2019\/10\/num\u00e9risation00050-366x253.jpg 366w, https:\/\/michelvelly-photos.com\/wp-content\/uploads\/2019\/10\/num\u00e9risation00050-300x207.jpg 300w, https:\/\/michelvelly-photos.com\/wp-content\/uploads\/2019\/10\/num\u00e9risation00050-768x531.jpg 768w, https:\/\/michelvelly-photos.com\/wp-content\/uploads\/2019\/10\/num\u00e9risation00050-1024x708.jpg 1024w, https:\/\/michelvelly-photos.com\/wp-content\/uploads\/2019\/10\/num\u00e9risation00050-1320x913.jpg 1320w, https:\/\/michelvelly-photos.com\/wp-content\/uploads\/2019\/10\/num\u00e9risation00050-732x506.jpg 732w, https:\/\/michelvelly-photos.com\/wp-content\/uploads\/2019\/10\/num\u00e9risation00050.jpg 2106w\" sizes=\"(max-width: 366px) 100vw, 366px\" data-caption=\"\" class=\"light-dropshaddow\" itemprop=\"contentUrl\" alt=\"bandes\"><meta itemprop=\"url\" content=\"https:\/\/michelvelly-photos.com\/wp-content\/uploads\/2019\/10\/num\u00e9risation00050-366x253.jpg\"><meta itemprop=\"width\" content=\"366px\"><meta itemprop=\"height\" content=\"253px\"><\/div><\/div><\/a><\/div><\/div><div class=\"tcol-lg-4 tcol-md-4 tcol-sm-4 tcol-xs-6 tcol-ss-12 g_item\"><div class=\"grid_item kt_item_fade_in kad_gallery_fade_in gallery_item\"><a href=\"https:\/\/michelvelly-photos.com\/wp-content\/uploads\/2019\/10\/num\u00e9risation00032.jpg\" data-rel=\"lightbox\" class=\"lightboxhover\"><div class=\"kt-intrinsic\" style=\"padding-bottom:154.09836065574%;\"><div itemprop=\"image\" itemscope itemtype=\"https:\/\/schema.org\/ImageObject\"><img width=\"366\" height=\"564\" src=\"https:\/\/michelvelly-photos.com\/wp-content\/uploads\/2019\/10\/num\u00e9risation00032-366x564.jpg\" srcset=\"https:\/\/michelvelly-photos.com\/wp-content\/uploads\/2019\/10\/num\u00e9risation00032-366x564.jpg 366w, https:\/\/michelvelly-photos.com\/wp-content\/uploads\/2019\/10\/num\u00e9risation00032-195x300.jpg 195w, https:\/\/michelvelly-photos.com\/wp-content\/uploads\/2019\/10\/num\u00e9risation00032-768x1184.jpg 768w, https:\/\/michelvelly-photos.com\/wp-content\/uploads\/2019\/10\/num\u00e9risation00032-664x1024.jpg 664w, https:\/\/michelvelly-photos.com\/wp-content\/uploads\/2019\/10\/num\u00e9risation00032-1320x2035.jpg 1320w, https:\/\/michelvelly-photos.com\/wp-content\/uploads\/2019\/10\/num\u00e9risation00032-732x1128.jpg 732w, https:\/\/michelvelly-photos.com\/wp-content\/uploads\/2019\/10\/num\u00e9risation00032.jpg 1369w\" sizes=\"(max-width: 366px) 100vw, 366px\" data-caption=\"\" class=\"light-dropshaddow\" itemprop=\"contentUrl\" alt=\"entrelac\u00e9\"><meta itemprop=\"url\" content=\"https:\/\/michelvelly-photos.com\/wp-content\/uploads\/2019\/10\/num\u00e9risation00032-366x564.jpg\"><meta itemprop=\"width\" content=\"366px\"><meta itemprop=\"height\" content=\"564px\"><\/div><\/div><\/a><\/div><\/div><div class=\"tcol-lg-4 tcol-md-4 tcol-sm-4 tcol-xs-6 tcol-ss-12 g_item\"><div class=\"grid_item kt_item_fade_in kad_gallery_fade_in gallery_item\"><a href=\"https:\/\/michelvelly-photos.com\/wp-content\/uploads\/2019\/10\/num\u00e9risation0002ret.jpg\" data-rel=\"lightbox\" class=\"lightboxhover\"><div class=\"kt-intrinsic\" style=\"padding-bottom:151.09289617486%;\"><div itemprop=\"image\" itemscope itemtype=\"https:\/\/schema.org\/ImageObject\"><img width=\"366\" height=\"553\" src=\"https:\/\/michelvelly-photos.com\/wp-content\/uploads\/2019\/10\/num\u00e9risation0002ret-366x553.jpg\" srcset=\"https:\/\/michelvelly-photos.com\/wp-content\/uploads\/2019\/10\/num\u00e9risation0002ret-366x553.jpg 366w, https:\/\/michelvelly-photos.com\/wp-content\/uploads\/2019\/10\/num\u00e9risation0002ret-199x300.jpg 199w, https:\/\/michelvelly-photos.com\/wp-content\/uploads\/2019\/10\/num\u00e9risation0002ret-768x1160.jpg 768w, https:\/\/michelvelly-photos.com\/wp-content\/uploads\/2019\/10\/num\u00e9risation0002ret-678x1024.jpg 678w, https:\/\/michelvelly-photos.com\/wp-content\/uploads\/2019\/10\/num\u00e9risation0002ret-732x1106.jpg 732w, https:\/\/michelvelly-photos.com\/wp-content\/uploads\/2019\/10\/num\u00e9risation0002ret.jpg 1196w\" sizes=\"(max-width: 366px) 100vw, 366px\" data-caption=\"\" class=\"light-dropshaddow\" itemprop=\"contentUrl\" alt=\"roundballer 4\"><meta itemprop=\"url\" content=\"https:\/\/michelvelly-photos.com\/wp-content\/uploads\/2019\/10\/num\u00e9risation0002ret-366x553.jpg\"><meta itemprop=\"width\" content=\"366px\"><meta itemprop=\"height\" content=\"553px\"><\/div><\/div><\/a><\/div><\/div><div class=\"tcol-lg-4 tcol-md-4 tcol-sm-4 tcol-xs-6 tcol-ss-12 g_item\"><div class=\"grid_item kt_item_fade_in kad_gallery_fade_in gallery_item\"><a href=\"https:\/\/michelvelly-photos.com\/wp-content\/uploads\/2019\/10\/roundballer-01.jpg\" data-rel=\"lightbox\" class=\"lightboxhover\"><div class=\"kt-intrinsic\" style=\"padding-bottom:68.306010928962%;\"><div itemprop=\"image\" itemscope itemtype=\"https:\/\/schema.org\/ImageObject\"><img width=\"366\" height=\"250\" src=\"https:\/\/michelvelly-photos.com\/wp-content\/uploads\/2019\/10\/roundballer-01-366x250.jpg\" srcset=\"https:\/\/michelvelly-photos.com\/wp-content\/uploads\/2019\/10\/roundballer-01-366x250.jpg 366w, https:\/\/michelvelly-photos.com\/wp-content\/uploads\/2019\/10\/roundballer-01-300x205.jpg 300w, https:\/\/michelvelly-photos.com\/wp-content\/uploads\/2019\/10\/roundballer-01-768x524.jpg 768w, https:\/\/michelvelly-photos.com\/wp-content\/uploads\/2019\/10\/roundballer-01-1024x699.jpg 1024w, https:\/\/michelvelly-photos.com\/wp-content\/uploads\/2019\/10\/roundballer-01-1320x901.jpg 1320w, https:\/\/michelvelly-photos.com\/wp-content\/uploads\/2019\/10\/roundballer-01-732x500.jpg 732w\" sizes=\"(max-width: 366px) 100vw, 366px\" data-caption=\"\" class=\"light-dropshaddow\" itemprop=\"contentUrl\" alt=\"roundballer 5\"><meta itemprop=\"url\" content=\"https:\/\/michelvelly-photos.com\/wp-content\/uploads\/2019\/10\/roundballer-01-366x250.jpg\"><meta itemprop=\"width\" content=\"366px\"><meta itemprop=\"height\" content=\"250px\"><\/div><\/div><\/a><\/div><\/div><div class=\"tcol-lg-4 tcol-md-4 tcol-sm-4 tcol-xs-6 tcol-ss-12 g_item\"><div class=\"grid_item kt_item_fade_in kad_gallery_fade_in gallery_item\"><a href=\"https:\/\/michelvelly-photos.com\/wp-content\/uploads\/2019\/10\/num\u00e9risation0009.jpg\" data-rel=\"lightbox\" class=\"lightboxhover\"><div class=\"kt-intrinsic\" style=\"padding-bottom:76.502732240437%;\"><div itemprop=\"image\" itemscope itemtype=\"https:\/\/schema.org\/ImageObject\"><img width=\"366\" height=\"280\" src=\"https:\/\/michelvelly-photos.com\/wp-content\/uploads\/2019\/10\/num\u00e9risation0009-366x280.jpg\" srcset=\"https:\/\/michelvelly-photos.com\/wp-content\/uploads\/2019\/10\/num\u00e9risation0009-366x280.jpg 366w, https:\/\/michelvelly-photos.com\/wp-content\/uploads\/2019\/10\/num\u00e9risation0009-300x230.jpg 300w, https:\/\/michelvelly-photos.com\/wp-content\/uploads\/2019\/10\/num\u00e9risation0009-768x588.jpg 768w, https:\/\/michelvelly-photos.com\/wp-content\/uploads\/2019\/10\/num\u00e9risation0009-1024x783.jpg 1024w, https:\/\/michelvelly-photos.com\/wp-content\/uploads\/2019\/10\/num\u00e9risation0009-1320x1010.jpg 1320w, https:\/\/michelvelly-photos.com\/wp-content\/uploads\/2019\/10\/num\u00e9risation0009-732x560.jpg 732w, https:\/\/michelvelly-photos.com\/wp-content\/uploads\/2019\/10\/num\u00e9risation0009.jpg 1583w\" sizes=\"(max-width: 366px) 100vw, 366px\" data-caption=\"\" class=\"light-dropshaddow\" itemprop=\"contentUrl\" alt=\"roundballer 1\"><meta itemprop=\"url\" content=\"https:\/\/michelvelly-photos.com\/wp-content\/uploads\/2019\/10\/num\u00e9risation0009-366x280.jpg\"><meta itemprop=\"width\" content=\"366px\"><meta itemprop=\"height\" content=\"280px\"><\/div><\/div><\/a><\/div><\/div><div class=\"tcol-lg-4 tcol-md-4 tcol-sm-4 tcol-xs-6 tcol-ss-12 g_item\"><div class=\"grid_item kt_item_fade_in kad_gallery_fade_in gallery_item\"><a href=\"https:\/\/michelvelly-photos.com\/wp-content\/uploads\/2019\/10\/num\u00e9risation0003-1.jpg\" data-rel=\"lightbox\" class=\"lightboxhover\"><div class=\"kt-intrinsic\" style=\"padding-bottom:65.027322404372%;\"><div itemprop=\"image\" itemscope itemtype=\"https:\/\/schema.org\/ImageObject\"><img width=\"366\" height=\"238\" src=\"https:\/\/michelvelly-photos.com\/wp-content\/uploads\/2019\/10\/num\u00e9risation0003-1-366x238.jpg\" srcset=\"https:\/\/michelvelly-photos.com\/wp-content\/uploads\/2019\/10\/num\u00e9risation0003-1-366x238.jpg 366w, https:\/\/michelvelly-photos.com\/wp-content\/uploads\/2019\/10\/num\u00e9risation0003-1-300x195.jpg 300w, https:\/\/michelvelly-photos.com\/wp-content\/uploads\/2019\/10\/num\u00e9risation0003-1-768x499.jpg 768w, https:\/\/michelvelly-photos.com\/wp-content\/uploads\/2019\/10\/num\u00e9risation0003-1-1024x665.jpg 1024w, https:\/\/michelvelly-photos.com\/wp-content\/uploads\/2019\/10\/num\u00e9risation0003-1-1320x858.jpg 1320w, https:\/\/michelvelly-photos.com\/wp-content\/uploads\/2019\/10\/num\u00e9risation0003-1-732x476.jpg 732w, https:\/\/michelvelly-photos.com\/wp-content\/uploads\/2019\/10\/num\u00e9risation0003-1.jpg 2249w\" sizes=\"(max-width: 366px) 100vw, 366px\" data-caption=\"\" class=\"light-dropshaddow\" itemprop=\"contentUrl\" alt=\"roundballer 3\"><meta itemprop=\"url\" content=\"https:\/\/michelvelly-photos.com\/wp-content\/uploads\/2019\/10\/num\u00e9risation0003-1-366x238.jpg\"><meta itemprop=\"width\" content=\"366px\"><meta itemprop=\"height\" content=\"238px\"><\/div><\/div><\/a><\/div><\/div><\/div>\n[\/vc_column_text][\/vc_column][\/vc_row][vc_row][vc_column][\/vc_column][\/vc_row][vc_row][vc_column][\/vc_column][\/vc_row]\n","protected":false},"excerpt":{"rendered":"<p>[vc_row][vc_column][vc_column_text][\/vc_column_text][vc_column_text]\u00a0\u00bbDepuis plusieurs ann\u00e9es la photographie interroge ses marges. Il ne s&rsquo;agit plus tant de repr\u00e9senter l&rsquo;objet (ou le paysage), mais de scruter la mati\u00e8re afin qu&rsquo;elle se transforme en un miroir de nos fantasmes. Michel Velly guette les signes, les &hellip; <a class=\"kt-excerpt-readmore\" href=\"https:\/\/michelvelly-photos.com\/?page_id=8903\" aria-label=\"roundballers\">Lire la suite<\/a><\/p>\n","protected":false},"author":1,"featured_media":0,"parent":0,"menu_order":0,"comment_status":"closed","ping_status":"closed","template":"page-fullwidth.php","meta":[],"yoast_head":"<!-- This site is optimized with the Yoast SEO plugin v20.13 - https:\/\/yoast.com\/wordpress\/plugins\/seo\/ -->\n<title>roundballers - Michel Velly Photographie<\/title>\n<meta name=\"robots\" content=\"index, follow, max-snippet:-1, max-image-preview:large, max-video-preview:-1\" \/>\n<link rel=\"canonical\" href=\"https:\/\/michelvelly-photos.com\/?page_id=8903\" \/>\n<meta property=\"og:locale\" content=\"fr_FR\" \/>\n<meta property=\"og:type\" content=\"article\" \/>\n<meta property=\"og:title\" content=\"roundballers - Michel Velly Photographie\" \/>\n<meta property=\"og:description\" content=\"[vc_row][vc_column][vc_column_text][\/vc_column_text][vc_column_text]\u00a0\u00bbDepuis plusieurs ann\u00e9es la photographie interroge ses marges. Il ne s&rsquo;agit plus tant de repr\u00e9senter l&rsquo;objet (ou le paysage), mais de scruter la mati\u00e8re afin qu&rsquo;elle se transforme en un miroir de nos fantasmes. Michel Velly guette les signes, les &hellip; Lire la suite\" \/>\n<meta property=\"og:url\" content=\"https:\/\/michelvelly-photos.com\/?page_id=8903\" \/>\n<meta property=\"og:site_name\" content=\"Michel Velly Photographie\" \/>\n<meta property=\"og:image\" content=\"https:\/\/michelvelly-photos.com\/wp-content\/uploads\/2019\/10\/num\u00e9risation00050-366x253.jpg\" \/>\n<meta name=\"twitter:label1\" content=\"Dur\u00e9e de lecture estim\u00e9e\" \/>\n\t<meta name=\"twitter:data1\" content=\"1 minute\" \/>\n<script type=\"application\/ld+json\" class=\"yoast-schema-graph\">{\"@context\":\"https:\/\/schema.org\",\"@graph\":[{\"@type\":\"WebPage\",\"@id\":\"https:\/\/michelvelly-photos.com\/?page_id=8903\",\"url\":\"https:\/\/michelvelly-photos.com\/?page_id=8903\",\"name\":\"roundballers - Michel Velly Photographie\",\"isPartOf\":{\"@id\":\"https:\/\/michelvelly-photos.com\/#website\"},\"datePublished\":\"2019-10-29T10:44:00+00:00\",\"dateModified\":\"2019-10-29T10:44:00+00:00\",\"breadcrumb\":{\"@id\":\"https:\/\/michelvelly-photos.com\/?page_id=8903#breadcrumb\"},\"inLanguage\":\"fr-FR\",\"potentialAction\":[{\"@type\":\"ReadAction\",\"target\":[\"https:\/\/michelvelly-photos.com\/?page_id=8903\"]}]},{\"@type\":\"BreadcrumbList\",\"@id\":\"https:\/\/michelvelly-photos.com\/?page_id=8903#breadcrumb\",\"itemListElement\":[{\"@type\":\"ListItem\",\"position\":1,\"name\":\"Accueil\",\"item\":\"https:\/\/michelvelly-photos.com\/\"},{\"@type\":\"ListItem\",\"position\":2,\"name\":\"roundballers\"}]},{\"@type\":\"WebSite\",\"@id\":\"https:\/\/michelvelly-photos.com\/#website\",\"url\":\"https:\/\/michelvelly-photos.com\/\",\"name\":\"Michel Velly Photographie\",\"description\":\"\",\"potentialAction\":[{\"@type\":\"SearchAction\",\"target\":{\"@type\":\"EntryPoint\",\"urlTemplate\":\"https:\/\/michelvelly-photos.com\/?s={search_term_string}\"},\"query-input\":\"required name=search_term_string\"}],\"inLanguage\":\"fr-FR\"}]}<\/script>\n<!-- \/ Yoast SEO plugin. -->","yoast_head_json":{"title":"roundballers - Michel Velly Photographie","robots":{"index":"index","follow":"follow","max-snippet":"max-snippet:-1","max-image-preview":"max-image-preview:large","max-video-preview":"max-video-preview:-1"},"canonical":"https:\/\/michelvelly-photos.com\/?page_id=8903","og_locale":"fr_FR","og_type":"article","og_title":"roundballers - Michel Velly Photographie","og_description":"[vc_row][vc_column][vc_column_text][\/vc_column_text][vc_column_text]\u00a0\u00bbDepuis plusieurs ann\u00e9es la photographie interroge ses marges. Il ne s&rsquo;agit plus tant de repr\u00e9senter l&rsquo;objet (ou le paysage), mais de scruter la mati\u00e8re afin qu&rsquo;elle se transforme en un miroir de nos fantasmes. Michel Velly guette les signes, les &hellip; Lire la suite","og_url":"https:\/\/michelvelly-photos.com\/?page_id=8903","og_site_name":"Michel Velly Photographie","og_image":[{"url":"https:\/\/michelvelly-photos.com\/wp-content\/uploads\/2019\/10\/num\u00e9risation00050-366x253.jpg"}],"twitter_misc":{"Dur\u00e9e de lecture estim\u00e9e":"1 minute"},"schema":{"@context":"https:\/\/schema.org","@graph":[{"@type":"WebPage","@id":"https:\/\/michelvelly-photos.com\/?page_id=8903","url":"https:\/\/michelvelly-photos.com\/?page_id=8903","name":"roundballers - Michel Velly Photographie","isPartOf":{"@id":"https:\/\/michelvelly-photos.com\/#website"},"datePublished":"2019-10-29T10:44:00+00:00","dateModified":"2019-10-29T10:44:00+00:00","breadcrumb":{"@id":"https:\/\/michelvelly-photos.com\/?page_id=8903#breadcrumb"},"inLanguage":"fr-FR","potentialAction":[{"@type":"ReadAction","target":["https:\/\/michelvelly-photos.com\/?page_id=8903"]}]},{"@type":"BreadcrumbList","@id":"https:\/\/michelvelly-photos.com\/?page_id=8903#breadcrumb","itemListElement":[{"@type":"ListItem","position":1,"name":"Accueil","item":"https:\/\/michelvelly-photos.com\/"},{"@type":"ListItem","position":2,"name":"roundballers"}]},{"@type":"WebSite","@id":"https:\/\/michelvelly-photos.com\/#website","url":"https:\/\/michelvelly-photos.com\/","name":"Michel Velly Photographie","description":"","potentialAction":[{"@type":"SearchAction","target":{"@type":"EntryPoint","urlTemplate":"https:\/\/michelvelly-photos.com\/?s={search_term_string}"},"query-input":"required name=search_term_string"}],"inLanguage":"fr-FR"}]}},"_links":{"self":[{"href":"https:\/\/michelvelly-photos.com\/index.php?rest_route=\/wp\/v2\/pages\/8903"}],"collection":[{"href":"https:\/\/michelvelly-photos.com\/index.php?rest_route=\/wp\/v2\/pages"}],"about":[{"href":"https:\/\/michelvelly-photos.com\/index.php?rest_route=\/wp\/v2\/types\/page"}],"author":[{"embeddable":true,"href":"https:\/\/michelvelly-photos.com\/index.php?rest_route=\/wp\/v2\/users\/1"}],"replies":[{"embeddable":true,"href":"https:\/\/michelvelly-photos.com\/index.php?rest_route=%2Fwp%2Fv2%2Fcomments&post=8903"}],"version-history":[{"count":5,"href":"https:\/\/michelvelly-photos.com\/index.php?rest_route=\/wp\/v2\/pages\/8903\/revisions"}],"predecessor-version":[{"id":8911,"href":"https:\/\/michelvelly-photos.com\/index.php?rest_route=\/wp\/v2\/pages\/8903\/revisions\/8911"}],"wp:attachment":[{"href":"https:\/\/michelvelly-photos.com\/index.php?rest_route=%2Fwp%2Fv2%2Fmedia&parent=8903"}],"curies":[{"name":"wp","href":"https:\/\/api.w.org\/{rel}","templated":true}]}}